{"id":1161,"date":"2023-05-07T23:07:33","date_gmt":"2023-05-08T04:07:33","guid":{"rendered":"https:\/\/diamorefloreriadeluxe.com\/?page_id=1161"},"modified":"2023-05-08T07:17:44","modified_gmt":"2023-05-08T12:17:44","slug":"terminos-y-condiciones","status":"publish","type":"page","link":"https:\/\/diamorefloreriadeluxe.com\/index.php\/terminos-y-condiciones\/","title":{"rendered":"T\u00e9rminos y Condiciones"},"content":{"rendered":"\t\t<div data-elementor-type=\"wp-page\" data-elementor-id=\"1161\" class=\"elementor elementor-1161\" data-elementor-post-type=\"page\">\n\t\t\t\t\t\t<section class=\"elementor-section elementor-top-section elementor-element elementor-element-6bb2c3c elementor-section-full_width elementor-section-height-default elementor-section-height-default\" data-id=\"6bb2c3c\" data-element_type=\"section\">\n\t\t\t\t\t\t<div class=\"elementor-container elementor-column-gap-default\">\n\t\t\t\t\t<div class=\"elementor-column elementor-col-100 elementor-top-column elementor-element elementor-element-cab1de5\" data-id=\"cab1de5\" data-element_type=\"column\">\n\t\t\t<div class=\"elementor-widget-wrap elementor-element-populated\">\n\t\t\t\t\t\t<div class=\"elementor-element elementor-element-4d66097 elementor-widget elementor-widget-heading\" data-id=\"4d66097\" data-element_type=\"widget\" data-widget_type=\"heading.default\">\n\t\t\t\t<div class=\"elementor-widget-container\">\n\t\t\t\t\t<h2 class=\"elementor-heading-title elementor-size-default\">TERMINOS Y CONDICIONES<\/h2>\t\t\t\t<\/div>\n\t\t\t\t<\/div>\n\t\t\t\t\t<\/div>\n\t\t<\/div>\n\t\t\t\t\t<\/div>\n\t\t<\/section>\n\t\t\t\t<section class=\"elementor-section elementor-top-section elementor-element elementor-element-65a3119 elementor-section-boxed elementor-section-height-default elementor-section-height-default\" data-id=\"65a3119\" data-element_type=\"section\">\n\t\t\t\t\t\t<div class=\"elementor-container elementor-column-gap-default\">\n\t\t\t\t\t<div class=\"elementor-column elementor-col-100 elementor-top-column elementor-element elementor-element-0bf56fa\" data-id=\"0bf56fa\" data-element_type=\"column\">\n\t\t\t<div class=\"elementor-widget-wrap elementor-element-populated\">\n\t\t\t\t\t\t<div class=\"elementor-element elementor-element-57a67e8 elementor-widget elementor-widget-text-editor\" data-id=\"57a67e8\" data-element_type=\"widget\" data-widget_type=\"text-editor.default\">\n\t\t\t\t<div class=\"elementor-widget-container\">\n\t\t\t\t\t\t\t\t\t<p><b>Diamore Floreria deluxe <\/b><br>Bienvenidos a Diamore Floreria deluxe y a su p\u00e1gina web de E- Commerce www.diamorefloreriadeluxe.com, <br>constituida bajo las leyes peruanas, cuya actividad principal es permitir la exhibici\u00f3n y comercializaci\u00f3n de productos en sus diferentes categor\u00edas. <br>Este sitio Web es Controlado por DIAMORE FLORER\u00cdAS UNIDAS E.I.RL establece los T\u00e9rminos y Condiciones del sitio web que a su vez incluyen las Pol\u00edticas de Privacidad, Pol\u00edticas de Seguridad y Pol\u00edticas de Cambios y Devoluciones contenidas y descritas en legislaci\u00f3n del sitio web. El uso y acceso a este sitio web se rige por estos T\u00e9rminos y Condiciones, as\u00ed como a la vigente en la Rep\u00fablica del Per\u00fa. <br>Brindando Productos &amp; Servicio de entrega de calidad.<\/p>\n<p><b>REGISTRO FORMULARIO <\/b><br>Es obligatorio completar el formulario de registro en todos sus campos con datos v\u00e1lidos y verdaderos para convertirse en Usuario autorizado de diamorefloreriadeluxe.com, El Usuario Comprador deber\u00e1 completar el formulario de registro con su informaci\u00f3n personal de manera exacta, precisa y verdadera (\u00abDatos del Comprador\u00bb) y asume el compromiso de actualizar los Datos Personales conforme resulte necesario, tambi\u00e9n deber\u00e1 completar los datos del Receptor y asume el compromiso de actualizar los Datos Personales conforme resulte necesario. Los Usuarios garantizan y responden, en cualquier caso, de la exactitud, veracidad, vigencia y autenticidad de los Datos Personales ingresados.<\/p>\n<p><b>ENTREGA O REPARTO.<\/b><br>Horario de entrega <br>Los horarios de entrega son por turnos <br>TURNO MA\u00d1ANA: 10am a 1 pm <br>TURNO TARDE: 3pm a 7pm <br>Diamore Floreria Deluxe No brinda horario exacto de entrega. El cliente puede elegir el Turno de entrega Disponible.<\/p>\n<p><\/p>\n<p><b>POL\u00cdTICA DE DEVOLUCION O CAMBIO DE FECHA <\/b><\/p>\n<p>En caso de Devoluciones o Cancelaciones Diamore Floreria no realiza ni acepta devoluciones ni cancelaciones luego de estar realizada la compra a trav\u00e9s de esta p\u00e1gina web.<\/p>\n<p><b>RESTRICCIONES<\/b><br>Diamorefloreriadeluxe.com No acepta la devoluci\u00f3n o cambio de los siguientes productos: -Arreglos, Flores, Cajas de Rosas o Tulipanes que tengan m\u00e1s de 24 horas despu\u00e9s de haberlas recibido, y no hayan cumplido el proceso de cuidado, sino es presentado no procede el cambio o devoluci\u00f3n<\/p>\t\t\t\t\t\t\t\t<\/div>\n\t\t\t\t<\/div>\n\t\t\t\t\t<\/div>\n\t\t<\/div>\n\t\t\t\t\t<\/div>\n\t\t<\/section>\n\t\t\t\t<\/div>\n\t\t","protected":false},"excerpt":{"rendered":"<p>TERMINOS Y CONDICIONES Diamore Floreria deluxe Bienvenidos a Diamore Floreria deluxe y a su p\u00e1gina web de E- Commerce www.diamorefloreriadeluxe.com, constituida bajo las leyes peruanas, cuya actividad principal es permitir la exhibici\u00f3n y comercializaci\u00f3n de productos en sus diferentes categor\u00edas. Este sitio Web es Controlado por DIAMORE FLORER\u00cdAS UNIDAS E.I.RL establece los T\u00e9rminos y Condiciones &hellip;<\/p>\n<p class=\"read-more\"> <a class=\"\" href=\"https:\/\/diamorefloreriadeluxe.com\/index.php\/terminos-y-condiciones\/\"> <span class=\"screen-reader-text\">T\u00e9rminos y Condiciones<\/span> Leer m\u00e1s &raquo;<\/a><\/p>\n","protected":false},"author":1,"featured_media":0,"parent":0,"menu_order":0,"comment_status":"closed","ping_status":"closed","template":"","meta":{"_uag_custom_page_level_css":"","site-sidebar-layout":"no-sidebar","site-content-layout":"page-builder","ast-global-header-display":"","ast-main-header-display":"","ast-hfb-above-header-display":"","ast-hfb-below-header-display":"","ast-hfb-mobile-header-display":"","site-post-title":"disabled","ast-breadcrumbs-content":"","ast-featured-img":"disabled","footer-sml-layout":"","theme-transparent-header-meta":"","adv-header-id-meta":"","stick-header-meta":"","header-above-stick-meta":"","header-main-stick-meta":"","header-below-stick-meta":"","footnotes":""},"class_list":["post-1161","page","type-page","status-publish","hentry"],"uagb_featured_image_src":{"full":false,"thumbnail":false,"medium":false,"medium_large":false,"large":false,"1536x1536":false,"2048x2048":false,"woocommerce_thumbnail":false,"woocommerce_single":false,"woocommerce_gallery_thumbnail":false},"uagb_author_info":{"display_name":"obed pineda","author_link":"https:\/\/diamorefloreriadeluxe.com\/index.php\/author\/bensofthostgmail-com\/"},"uagb_comment_info":0,"uagb_excerpt":"TERMINOS Y CONDICIONES Diamore Floreria deluxe Bienvenidos a Diamore Floreria deluxe y a su p\u00e1gina web de E- Commerce www.diamorefloreriadeluxe.com, constituida bajo las leyes peruanas, cuya actividad principal es permitir la exhibici\u00f3n y comercializaci\u00f3n de productos en sus diferentes categor\u00edas. Este sitio Web es Controlado por DIAMORE FLORER\u00cdAS UNIDAS E.I.RL establece los T\u00e9rminos y Condiciones&hellip;","jetpack_sharing_enabled":true,"_links":{"self":[{"href":"https:\/\/diamorefloreriadeluxe.com\/index.php\/wp-json\/wp\/v2\/pages\/1161","targetHints":{"allow":["GET"]}}],"collection":[{"href":"https:\/\/diamorefloreriadeluxe.com\/index.php\/wp-json\/wp\/v2\/pages"}],"about":[{"href":"https:\/\/diamorefloreriadeluxe.com\/index.php\/wp-json\/wp\/v2\/types\/page"}],"author":[{"embeddable":true,"href":"https:\/\/diamorefloreriadeluxe.com\/index.php\/wp-json\/wp\/v2\/users\/1"}],"replies":[{"embeddable":true,"href":"https:\/\/diamorefloreriadeluxe.com\/index.php\/wp-json\/wp\/v2\/comments?post=1161"}],"version-history":[{"count":7,"href":"https:\/\/diamorefloreriadeluxe.com\/index.php\/wp-json\/wp\/v2\/pages\/1161\/revisions"}],"predecessor-version":[{"id":1221,"href":"https:\/\/diamorefloreriadeluxe.com\/index.php\/wp-json\/wp\/v2\/pages\/1161\/revisions\/1221"}],"wp:attachment":[{"href":"https:\/\/diamorefloreriadeluxe.com\/index.php\/wp-json\/wp\/v2\/media?parent=1161"}],"curies":[{"name":"wp","href":"https:\/\/api.w.org\/{rel}","templated":true}]}}