{"id":1354,"date":"2023-05-12T19:01:29","date_gmt":"2023-05-13T00:01:29","guid":{"rendered":"https:\/\/diamorefloreriadeluxe.com\/?page_id=1354"},"modified":"2023-05-12T19:09:55","modified_gmt":"2023-05-13T00:09:55","slug":"auto","status":"publish","type":"page","link":"https:\/\/diamorefloreriadeluxe.com\/index.php\/auto\/","title":{"rendered":"Auto"},"content":{"rendered":"\t\t<div data-elementor-type=\"wp-page\" data-elementor-id=\"1354\" class=\"elementor elementor-1354\" data-elementor-post-type=\"page\">\n\t\t\t\t\t\t<section class=\"elementor-section elementor-top-section elementor-element elementor-element-7663809 elementor-section-boxed elementor-section-height-default elementor-section-height-default\" data-id=\"7663809\" data-element_type=\"section\">\n\t\t\t\t\t\t<div class=\"elementor-container elementor-column-gap-default\">\n\t\t\t\t\t<div class=\"elementor-column elementor-col-100 elementor-top-column elementor-element elementor-element-8b7a38e\" data-id=\"8b7a38e\" data-element_type=\"column\">\n\t\t\t<div class=\"elementor-widget-wrap elementor-element-populated\">\n\t\t\t\t\t\t<div class=\"elementor-element elementor-element-e6066bd elementor-widget elementor-widget-eael-woo-cart\" data-id=\"e6066bd\" data-element_type=\"widget\" data-settings=\"{&quot;eael_woo_cart_components_continue_shopping_icon&quot;:{&quot;value&quot;:&quot;fas fa-chevron-left&quot;,&quot;library&quot;:&quot;fa-solid&quot;}}\" data-widget_type=\"eael-woo-cart.default\">\n\t\t\t\t<div class=\"elementor-widget-container\">\n\t\t\t\t\t\t\t\t\t<div class=\"eael-woo-cart-wrapper eael-woo-cart-empty eael-woo-default eael-auto-update33\">\n\t\t\t\t<div class=\"woocommerce-notices-wrapper\"><\/div><div class=\"wc-empty-cart-message\">\n\t<div class=\"cart-empty woocommerce-info\" role=\"status\">\n\t\tEn este momento tu carrito est\u00e1 vac\u00edo.\t<\/div>\n<\/div>\t<p class=\"return-to-shop\">\n\t\t<a class=\"button wc-backward\" href=\"https:\/\/diamorefloreriadeluxe.com\">\n\t\t\tVolver a la tienda\t\t<\/a>\n\t<\/p>\n                <\/div>\n\t\t\t\t        <script>document.body.classList.add(\"eael-woo-cart\");<\/script>\n\t\t\t\t\t\t<\/div>\n\t\t\t\t<\/div>\n\t\t\t\t\t<\/div>\n\t\t<\/div>\n\t\t\t\t\t<\/div>\n\t\t<\/section>\n\t\t\t\t<section class=\"elementor-section elementor-top-section elementor-element elementor-element-1a37282 elementor-section-boxed elementor-section-height-default elementor-section-height-default\" data-id=\"1a37282\" data-element_type=\"section\">\n\t\t\t\t\t\t<div class=\"elementor-container elementor-column-gap-default\">\n\t\t\t\t\t<div class=\"elementor-column elementor-col-100 elementor-top-column elementor-element elementor-element-659f362\" data-id=\"659f362\" data-element_type=\"column\">\n\t\t\t<div class=\"elementor-widget-wrap elementor-element-populated\">\n\t\t\t\t\t\t<div class=\"elementor-element elementor-element-453341c elementor-product-loop-item--align-center elementor-grid-4 elementor-grid-tablet-3 elementor-grid-mobile-2 elementor-products-grid elementor-wc-products elementor-widget elementor-widget-woocommerce-products\" data-id=\"453341c\" data-element_type=\"widget\" data-widget_type=\"woocommerce-products.default\">\n\t\t\t\t<div class=\"elementor-widget-container\">\n\t\t\t\t\t<div class=\"woocommerce\"><\/div>\t\t\t\t<\/div>\n\t\t\t\t<\/div>\n\t\t\t\t\t<\/div>\n\t\t<\/div>\n\t\t\t\t\t<\/div>\n\t\t<\/section>\n\t\t\t\t<\/div>\n\t\t","protected":false},"excerpt":{"rendered":"<p>Producto Precio Cantidad Total Box tricolor mam\u00e1 S\/&nbsp;190.00 Box tricolor mam\u00e1 cantidad S\/&nbsp;190.00 Cup\u00f3n: Aplicar cup\u00f3n Seguir comprando Actualizar carrito Subtotal S\/&nbsp;190.00 Env\u00edo Precio fijo: S\/&nbsp;20.00 Enviar a Bre\u00f1a. Cambiar direcci\u00f3n Pa\u00eds o regi\u00f3n: Selecciona un pa\u00eds\/regi\u00f3n&hellip;Lima Regi\u00f3n \/ Provincia: Elige una opci\u00f3n&hellip;AteAnc\u00f3nCercado de LimaBarrancoBre\u00f1aCieneguillaChorrillosEl AgustinoJes\u00fas Mar\u00edaLa MolinaLa VictoriaLinceMagdalena del MarMirafloresPueblo LibreRimacSan IsidroIndependenciaSan Juan de &hellip;<\/p>\n<p class=\"read-more\"> <a class=\"\" href=\"https:\/\/diamorefloreriadeluxe.com\/index.php\/auto\/\"> <span class=\"screen-reader-text\">Auto<\/span> Leer m\u00e1s &raquo;<\/a><\/p>\n","protected":false},"author":1,"featured_media":0,"parent":0,"menu_order":0,"comment_status":"closed","ping_status":"closed","template":"","meta":{"_uag_custom_page_level_css":"","site-sidebar-layout":"no-sidebar","site-content-layout":"page-builder","ast-global-header-display":"","ast-main-header-display":"","ast-hfb-above-header-display":"","ast-hfb-below-header-display":"","ast-hfb-mobile-header-display":"","site-post-title":"disabled","ast-breadcrumbs-content":"","ast-featured-img":"disabled","footer-sml-layout":"","theme-transparent-header-meta":"","adv-header-id-meta":"","stick-header-meta":"","header-above-stick-meta":"","header-main-stick-meta":"","header-below-stick-meta":"","footnotes":""},"class_list":["post-1354","page","type-page","status-publish","hentry"],"uagb_featured_image_src":{"full":false,"thumbnail":false,"medium":false,"medium_large":false,"large":false,"1536x1536":false,"2048x2048":false,"woocommerce_thumbnail":false,"woocommerce_single":false,"woocommerce_gallery_thumbnail":false},"uagb_author_info":{"display_name":"obed pineda","author_link":"https:\/\/diamorefloreriadeluxe.com\/index.php\/author\/bensofthostgmail-com\/"},"uagb_comment_info":0,"uagb_excerpt":"Producto Precio Cantidad Total Box tricolor mam\u00e1 S\/&nbsp;190.00 Box tricolor mam\u00e1 cantidad S\/&nbsp;190.00 Cup\u00f3n: Aplicar cup\u00f3n Seguir comprando Actualizar carrito Subtotal S\/&nbsp;190.00 Env\u00edo Precio fijo: S\/&nbsp;20.00 Enviar a Bre\u00f1a. Cambiar direcci\u00f3n Pa\u00eds o regi\u00f3n: Selecciona un pa\u00eds\/regi\u00f3n&hellip;Lima Regi\u00f3n \/ Provincia: Elige una opci\u00f3n&hellip;AteAnc\u00f3nCercado de LimaBarrancoBre\u00f1aCieneguillaChorrillosEl AgustinoJes\u00fas Mar\u00edaLa MolinaLa VictoriaLinceMagdalena del MarMirafloresPueblo LibreRimacSan IsidroIndependenciaSan Juan de&hellip;","jetpack_sharing_enabled":true,"_links":{"self":[{"href":"https:\/\/diamorefloreriadeluxe.com\/index.php\/wp-json\/wp\/v2\/pages\/1354","targetHints":{"allow":["GET"]}}],"collection":[{"href":"https:\/\/diamorefloreriadeluxe.com\/index.php\/wp-json\/wp\/v2\/pages"}],"about":[{"href":"https:\/\/diamorefloreriadeluxe.com\/index.php\/wp-json\/wp\/v2\/types\/page"}],"author":[{"embeddable":true,"href":"https:\/\/diamorefloreriadeluxe.com\/index.php\/wp-json\/wp\/v2\/users\/1"}],"replies":[{"embeddable":true,"href":"https:\/\/diamorefloreriadeluxe.com\/index.php\/wp-json\/wp\/v2\/comments?post=1354"}],"version-history":[{"count":4,"href":"https:\/\/diamorefloreriadeluxe.com\/index.php\/wp-json\/wp\/v2\/pages\/1354\/revisions"}],"predecessor-version":[{"id":1358,"href":"https:\/\/diamorefloreriadeluxe.com\/index.php\/wp-json\/wp\/v2\/pages\/1354\/revisions\/1358"}],"wp:attachment":[{"href":"https:\/\/diamorefloreriadeluxe.com\/index.php\/wp-json\/wp\/v2\/media?parent=1354"}],"curies":[{"name":"wp","href":"https:\/\/api.w.org\/{rel}","templated":true}]}}