{"id":531,"date":"2023-05-02T23:57:11","date_gmt":"2023-05-03T04:57:11","guid":{"rendered":"https:\/\/diamorefloreriadeluxe.com\/?page_id=531"},"modified":"2023-05-04T11:07:59","modified_gmt":"2023-05-04T16:07:59","slug":"corporativo-mama","status":"publish","type":"page","link":"https:\/\/diamorefloreriadeluxe.com\/index.php\/corporativo-mama\/","title":{"rendered":"Arreglo Corporativo"},"content":{"rendered":"\t\t<div data-elementor-type=\"wp-page\" data-elementor-id=\"531\" class=\"elementor elementor-531\" data-elementor-post-type=\"page\">\n\t\t\t\t\t\t<section class=\"elementor-section elementor-top-section elementor-element elementor-element-b7de5e9 elementor-section-full_width elementor-section-height-default elementor-section-height-default\" data-id=\"b7de5e9\" data-element_type=\"section\">\n\t\t\t\t\t\t<div class=\"elementor-container elementor-column-gap-narrow\">\n\t\t\t\t\t<div class=\"elementor-column elementor-col-100 elementor-top-column elementor-element elementor-element-a934818\" data-id=\"a934818\" data-element_type=\"column\">\n\t\t\t<div class=\"elementor-widget-wrap elementor-element-populated\">\n\t\t\t\t\t\t<div class=\"elementor-element elementor-element-f26b7b4 elementor-widget elementor-widget-image\" data-id=\"f26b7b4\" data-element_type=\"widget\" data-widget_type=\"image.default\">\n\t\t\t\t<div class=\"elementor-widget-container\">\n\t\t\t\t\t\t\t\t\t\t\t\t\t\t\t<img fetchpriority=\"high\" decoding=\"async\" width=\"1896\" height=\"2560\" src=\"https:\/\/diamorefloreriadeluxe.com\/wp-content\/uploads\/2023\/05\/coporativo2-scaled.jpg\" class=\"attachment-full size-full wp-image-407\" alt=\"\" srcset=\"https:\/\/diamorefloreriadeluxe.com\/wp-content\/uploads\/2023\/05\/coporativo2-scaled.jpg 1896w, https:\/\/diamorefloreriadeluxe.com\/wp-content\/uploads\/2023\/05\/coporativo2-222x300.jpg 222w, https:\/\/diamorefloreriadeluxe.com\/wp-content\/uploads\/2023\/05\/coporativo2-758x1024.jpg 758w, https:\/\/diamorefloreriadeluxe.com\/wp-content\/uploads\/2023\/05\/coporativo2-768x1037.jpg 768w, https:\/\/diamorefloreriadeluxe.com\/wp-content\/uploads\/2023\/05\/coporativo2-1137x1536.jpg 1137w, https:\/\/diamorefloreriadeluxe.com\/wp-content\/uploads\/2023\/05\/coporativo2-1517x2048.jpg 1517w, https:\/\/diamorefloreriadeluxe.com\/wp-content\/uploads\/2023\/05\/coporativo2-1320x1782.jpg 1320w, https:\/\/diamorefloreriadeluxe.com\/wp-content\/uploads\/2023\/05\/coporativo2-600x810.jpg 600w\" sizes=\"(max-width: 1896px) 100vw, 1896px\" \/>\t\t\t\t\t\t\t\t\t\t\t\t\t\t\t<\/div>\n\t\t\t\t<\/div>\n\t\t\t\t\t<\/div>\n\t\t<\/div>\n\t\t\t\t\t<\/div>\n\t\t<\/section>\n\t\t\t\t<section class=\"elementor-section elementor-top-section elementor-element elementor-element-74f6886 elementor-section-boxed elementor-section-height-default elementor-section-height-default\" data-id=\"74f6886\" data-element_type=\"section\">\n\t\t\t\t\t\t<div class=\"elementor-container elementor-column-gap-default\">\n\t\t\t\t\t<div class=\"elementor-column elementor-col-100 elementor-top-column elementor-element elementor-element-72c1d0e\" data-id=\"72c1d0e\" data-element_type=\"column\">\n\t\t\t<div class=\"elementor-widget-wrap elementor-element-populated\">\n\t\t\t\t\t\t<div class=\"elementor-element elementor-element-1b50679 elementor-widget elementor-widget-eael-fancy-text\" data-id=\"1b50679\" data-element_type=\"widget\" data-widget_type=\"eael-fancy-text.default\">\n\t\t\t\t<div class=\"elementor-widget-container\">\n\t\t\t\t\t\n\t<div  class=\"eael-fancy-text-container style-1\" data-fancy-text-id=\"1b50679\" data-fancy-text=\"|Mam\u00e1 merece ser engre\u00edda en su d\u00eda|Segunda cadena|Tercera cadena\" data-fancy-text-transition-type=\"typing\" data-fancy-text-speed=\"50\" data-fancy-text-delay=\"2500\" data-fancy-text-cursor=\"yes\" data-fancy-text-loop=\"yes\" data-fancy-text-action=\"page_load\" >\n\t\t\n\t\t\n\t\t\t\t\t<span id=\"eael-fancy-text-1b50679\" class=\"eael-fancy-text-strings solid-color\">\n\t\t\t\t<noscript>\n\t\t\t\t\tMam\u00e1 merece ser engre\u00edda en su d\u00eda, Segunda cadena, Tercera cadena\t\t\t\t<\/noscript>\n\t\t\t<\/span>\n\t\t\n\t\t\t\t\t<span class=\"eael-fancy-text-suffix\"> .<\/span>\n\t\t\t<\/div><!-- close .eael-fancy-text-container -->\n\n\t<div class=\"clearfix\"><\/div>\n\n\t\t\t\t\t<\/div>\n\t\t\t\t<\/div>\n\t\t\t\t\t<\/div>\n\t\t<\/div>\n\t\t\t\t\t<\/div>\n\t\t<\/section>\n\t\t\t\t<section class=\"elementor-section elementor-top-section elementor-element elementor-element-3fbedf6 elementor-section-full_width elementor-section-height-default elementor-section-height-default\" data-id=\"3fbedf6\" data-element_type=\"section\">\n\t\t\t\t\t\t<div class=\"elementor-container elementor-column-gap-narrow\">\n\t\t\t\t\t<div class=\"elementor-column elementor-col-100 elementor-top-column elementor-element elementor-element-803b7ca\" data-id=\"803b7ca\" data-element_type=\"column\">\n\t\t\t<div class=\"elementor-widget-wrap elementor-element-populated\">\n\t\t\t\t\t\t<div class=\"elementor-element elementor-element-874b287 elementor-widget elementor-widget-image\" data-id=\"874b287\" data-element_type=\"widget\" data-widget_type=\"image.default\">\n\t\t\t\t<div class=\"elementor-widget-container\">\n\t\t\t\t\t\t\t\t\t\t\t\t\t\t\t<img decoding=\"async\" width=\"1920\" height=\"2560\" src=\"https:\/\/diamorefloreriadeluxe.com\/wp-content\/uploads\/2023\/05\/corporativo-scaled.jpg\" class=\"attachment-full size-full wp-image-408\" alt=\"\" srcset=\"https:\/\/diamorefloreriadeluxe.com\/wp-content\/uploads\/2023\/05\/corporativo-scaled.jpg 1920w, https:\/\/diamorefloreriadeluxe.com\/wp-content\/uploads\/2023\/05\/corporativo-225x300.jpg 225w, https:\/\/diamorefloreriadeluxe.com\/wp-content\/uploads\/2023\/05\/corporativo-768x1024.jpg 768w, https:\/\/diamorefloreriadeluxe.com\/wp-content\/uploads\/2023\/05\/corporativo-1152x1536.jpg 1152w, https:\/\/diamorefloreriadeluxe.com\/wp-content\/uploads\/2023\/05\/corporativo-1536x2048.jpg 1536w, https:\/\/diamorefloreriadeluxe.com\/wp-content\/uploads\/2023\/05\/corporativo-1320x1760.jpg 1320w, https:\/\/diamorefloreriadeluxe.com\/wp-content\/uploads\/2023\/05\/corporativo-600x800.jpg 600w\" sizes=\"(max-width: 1920px) 100vw, 1920px\" \/>\t\t\t\t\t\t\t\t\t\t\t\t\t\t\t<\/div>\n\t\t\t\t<\/div>\n\t\t\t\t\t<\/div>\n\t\t<\/div>\n\t\t\t\t\t<\/div>\n\t\t<\/section>\n\t\t\t\t<section class=\"elementor-section elementor-top-section elementor-element elementor-element-aeaffdc elementor-section-boxed elementor-section-height-default elementor-section-height-default\" data-id=\"aeaffdc\" data-element_type=\"section\">\n\t\t\t\t\t\t<div class=\"elementor-container elementor-column-gap-default\">\n\t\t\t\t\t<div class=\"elementor-column elementor-col-100 elementor-top-column elementor-element elementor-element-ab81169\" data-id=\"ab81169\" data-element_type=\"column\">\n\t\t\t<div class=\"elementor-widget-wrap elementor-element-populated\">\n\t\t\t\t\t\t<div class=\"elementor-element elementor-element-eb902f5 eael-product-grid-column-4 elementor-widget elementor-widget-eicon-woocommerce\" data-id=\"eb902f5\" data-element_type=\"widget\" data-widget_type=\"eicon-woocommerce.default\">\n\t\t\t\t<div class=\"elementor-widget-container\">\n\t\t\t\t\t\n        <div class=\"eael-product-grid eael-product-preset-8 grid\" id=\"eael-product-grid\" data-widget-id=\"eb902f5\" data-page-id=\"531\" data-nonce=\"224e91a3ab\" >\n            <div class=\"woocommerce\">\n                <p class=\"no-posts-found\">\u00a1No se han encontrado entradas!<\/p>            <\/div>\n        <\/div>\n\n        <script type=\"text\/javascript\">\n            jQuery(document).ready(function($) {\n                var $scope = jQuery(\".elementor-element-eb902f5\");\n                var $products = $('.products', $scope);\n                var $layout_mode = $products.data('layout-mode');\n                \n                if ( $layout_mode === 'masonry' ) {\n                    \/\/ init isotope\n                    var $isotope_products = $products.isotope({\n                        itemSelector: \"li.product\",\n                        layoutMode: $layout_mode,\n                        percentPosition: true\n                    });\n\n                    $isotope_products.imagesLoaded().progress( function() {\n                        $isotope_products.isotope('layout');\n                    })\n                    \n                }\n            });\n        <\/script>\n        \t\t\t\t<\/div>\n\t\t\t\t<\/div>\n\t\t\t\t\t<\/div>\n\t\t<\/div>\n\t\t\t\t\t<\/div>\n\t\t<\/section>\n\t\t\t\t<\/div>\n\t\t","protected":false},"excerpt":{"rendered":"<p>Mam\u00e1 merece ser engre\u00edda en su d\u00eda, Segunda cadena, Tercera cadena . A\u00f1adir al carrito S\/&nbsp;25.00 Ramito corporativo Rojo<\/p>\n","protected":false},"author":1,"featured_media":0,"parent":0,"menu_order":0,"comment_status":"closed","ping_status":"closed","template":"","meta":{"_uag_custom_page_level_css":"","site-sidebar-layout":"no-sidebar","site-content-layout":"page-builder","ast-global-header-display":"","ast-main-header-display":"","ast-hfb-above-header-display":"","ast-hfb-below-header-display":"","ast-hfb-mobile-header-display":"","site-post-title":"disabled","ast-breadcrumbs-content":"","ast-featured-img":"disabled","footer-sml-layout":"","theme-transparent-header-meta":"","adv-header-id-meta":"","stick-header-meta":"","header-above-stick-meta":"","header-main-stick-meta":"","header-below-stick-meta":"","footnotes":""},"class_list":["post-531","page","type-page","status-publish","hentry"],"uagb_featured_image_src":{"full":false,"thumbnail":false,"medium":false,"medium_large":false,"large":false,"1536x1536":false,"2048x2048":false,"woocommerce_thumbnail":false,"woocommerce_single":false,"woocommerce_gallery_thumbnail":false},"uagb_author_info":{"display_name":"obed pineda","author_link":"https:\/\/diamorefloreriadeluxe.com\/index.php\/author\/bensofthostgmail-com\/"},"uagb_comment_info":0,"uagb_excerpt":"Mam\u00e1 merece ser engre\u00edda en su d\u00eda, Segunda cadena, Tercera cadena . A\u00f1adir al carrito S\/&nbsp;25.00 Ramito corporativo Rojo","jetpack_sharing_enabled":true,"_links":{"self":[{"href":"https:\/\/diamorefloreriadeluxe.com\/index.php\/wp-json\/wp\/v2\/pages\/531","targetHints":{"allow":["GET"]}}],"collection":[{"href":"https:\/\/diamorefloreriadeluxe.com\/index.php\/wp-json\/wp\/v2\/pages"}],"about":[{"href":"https:\/\/diamorefloreriadeluxe.com\/index.php\/wp-json\/wp\/v2\/types\/page"}],"author":[{"embeddable":true,"href":"https:\/\/diamorefloreriadeluxe.com\/index.php\/wp-json\/wp\/v2\/users\/1"}],"replies":[{"embeddable":true,"href":"https:\/\/diamorefloreriadeluxe.com\/index.php\/wp-json\/wp\/v2\/comments?post=531"}],"version-history":[{"count":14,"href":"https:\/\/diamorefloreriadeluxe.com\/index.php\/wp-json\/wp\/v2\/pages\/531\/revisions"}],"predecessor-version":[{"id":810,"href":"https:\/\/diamorefloreriadeluxe.com\/index.php\/wp-json\/wp\/v2\/pages\/531\/revisions\/810"}],"wp:attachment":[{"href":"https:\/\/diamorefloreriadeluxe.com\/index.php\/wp-json\/wp\/v2\/media?parent=531"}],"curies":[{"name":"wp","href":"https:\/\/api.w.org\/{rel}","templated":true}]}}