{"id":3000,"date":"2026-04-28T01:52:23","date_gmt":"2026-04-28T06:52:23","guid":{"rendered":"https:\/\/diamorefloreriadeluxe.com\/index.php\/product\/duo-rojo-mama\/"},"modified":"2026-04-28T11:06:51","modified_gmt":"2026-04-28T16:06:51","slug":"duo-rojo-mama","status":"publish","type":"product","link":"https:\/\/diamorefloreriadeluxe.com\/index.php\/product\/duo-rojo-mama\/","title":{"rendered":"8-D\u00fao Rojo Mam\u00e1"},"content":{"rendered":"<p>Incluye 02 Arreglos (01 Ramo grande y 01 ramos peque\u00f1o)<\/p>\n<p>\u2022 Ramo de 20 Rosas Importadas Rojas.<\/p>\n<p>\u2022 Cinta con mo\u00f1o personalizada con la frase que gustes<\/p>\n<p>\u2022 Dedicatoria.<\/p>\n<p>+<\/p>\n<p>\u2022 Ramito de 01 Orquidea Blanca, 02 rosas Rojas, MiniRosas Rosadas, Claveles importados, Gladiolos rosados &amp; Pompones Blancos<\/p>\n<p>\u2022 Dedicatoria Personalizada + 02 aretes de perla Blanca<\/p>\n<p>\u2022 Cajita de Chocolates Diamore \ud83c\udf38<\/p>\n<p>\u2022 Bolsa reforzada Diamore<\/p>\n","protected":false},"excerpt":{"rendered":"<p>Incluye 02 Arreglos (01 Ramo grande y 01 ramos peque\u00f1o) \u2022 Ramo de 20 Rosas Importadas Rojas. \u2022 Cinta con mo\u00f1o personalizada con la frase que gustes \u2022 Dedicatoria. + \u2022 Ramito de 01 Orquidea Blanca, 02 rosas Rojas, MiniRosas Rosadas, Claveles importados, Gladiolos rosados &amp; Pompones Blancos \u2022 Dedicatoria Personalizada + 02 aretes de &hellip;<\/p>\n<p class=\"read-more\"> <a class=\"\" href=\"https:\/\/diamorefloreriadeluxe.com\/index.php\/product\/duo-rojo-mama\/\"> <span class=\"screen-reader-text\">8-D\u00fao Rojo Mam\u00e1<\/span> Leer m\u00e1s &raquo;<\/a><\/p>\n","protected":false},"featured_media":2997,"comment_status":"open","ping_status":"closed","template":"","meta":{"_uag_custom_page_level_css":"","site-sidebar-layout":"default","site-content-layout":"default","ast-global-header-display":"","ast-main-header-display":"","ast-hfb-above-header-display":"","ast-hfb-below-header-display":"","ast-hfb-mobile-header-display":"","site-post-title":"","ast-breadcrumbs-content":"","ast-featured-img":"","footer-sml-layout":"","theme-transparent-header-meta":"","adv-header-id-meta":"","stick-header-meta":"","header-above-stick-meta":"","header-main-stick-meta":"","header-below-stick-meta":""},"product_brand":[],"product_cat":[15,51],"product_tag":[],"class_list":{"0":"post-3000","1":"product","2":"type-product","3":"status-publish","4":"has-post-thumbnail","6":"product_cat-uncategorized","7":"product_cat-coleccion-dia-de-la-madre","8":"desktop-align-left","9":"tablet-align-left","10":"mobile-align-left","12":"first","13":"instock","14":"sale","15":"shipping-taxable","16":"purchasable","17":"product-type-simple"},"uagb_featured_image_src":{"full":["https:\/\/diamorefloreriadeluxe.com\/wp-content\/uploads\/2026\/04\/img_0863-scaled.jpeg",1920,2560,false],"thumbnail":["https:\/\/diamorefloreriadeluxe.com\/wp-content\/uploads\/2026\/04\/img_0863-150x150.jpeg",150,150,true],"medium":["https:\/\/diamorefloreriadeluxe.com\/wp-content\/uploads\/2026\/04\/img_0863-225x300.jpeg",225,300,true],"medium_large":["https:\/\/diamorefloreriadeluxe.com\/wp-content\/uploads\/2026\/04\/img_0863-768x1024.jpeg",768,1024,true],"large":["https:\/\/diamorefloreriadeluxe.com\/wp-content\/uploads\/2026\/04\/img_0863-768x1024.jpeg",768,1024,true],"1536x1536":["https:\/\/diamorefloreriadeluxe.com\/wp-content\/uploads\/2026\/04\/img_0863-1152x1536.jpeg",1152,1536,true],"2048x2048":["https:\/\/diamorefloreriadeluxe.com\/wp-content\/uploads\/2026\/04\/img_0863-1536x2048.jpeg",1536,2048,true],"woocommerce_thumbnail":["https:\/\/diamorefloreriadeluxe.com\/wp-content\/uploads\/2026\/04\/img_0863-300x300.jpeg",300,300,true],"woocommerce_single":["https:\/\/diamorefloreriadeluxe.com\/wp-content\/uploads\/2026\/04\/img_0863-600x800.jpeg",600,800,true],"woocommerce_gallery_thumbnail":["https:\/\/diamorefloreriadeluxe.com\/wp-content\/uploads\/2026\/04\/img_0863-100x100.jpeg",100,100,true]},"uagb_author_info":{"display_name":"obed pineda","author_link":"https:\/\/diamorefloreriadeluxe.com\/index.php\/author\/"},"uagb_comment_info":0,"uagb_excerpt":"Incluye 02 Arreglos (01 Ramo grande y 01 ramos peque\u00f1o) \u2022 Ramo de 20 Rosas Importadas Rojas. \u2022 Cinta con mo\u00f1o personalizada con la frase que gustes \u2022 Dedicatoria. + \u2022 Ramito de 01 Orquidea Blanca, 02 rosas Rojas, MiniRosas Rosadas, Claveles importados, Gladiolos rosados &amp; Pompones Blancos \u2022 Dedicatoria Personalizada + 02 aretes de&hellip;","jetpack_sharing_enabled":true,"_links":{"self":[{"href":"https:\/\/diamorefloreriadeluxe.com\/index.php\/wp-json\/wp\/v2\/product\/3000","targetHints":{"allow":["GET"]}}],"collection":[{"href":"https:\/\/diamorefloreriadeluxe.com\/index.php\/wp-json\/wp\/v2\/product"}],"about":[{"href":"https:\/\/diamorefloreriadeluxe.com\/index.php\/wp-json\/wp\/v2\/types\/product"}],"replies":[{"embeddable":true,"href":"https:\/\/diamorefloreriadeluxe.com\/index.php\/wp-json\/wp\/v2\/comments?post=3000"}],"wp:featuredmedia":[{"embeddable":true,"href":"https:\/\/diamorefloreriadeluxe.com\/index.php\/wp-json\/wp\/v2\/media\/2997"}],"wp:attachment":[{"href":"https:\/\/diamorefloreriadeluxe.com\/index.php\/wp-json\/wp\/v2\/media?parent=3000"}],"wp:term":[{"taxonomy":"product_brand","embeddable":true,"href":"https:\/\/diamorefloreriadeluxe.com\/index.php\/wp-json\/wp\/v2\/product_brand?post=3000"},{"taxonomy":"product_cat","embeddable":true,"href":"https:\/\/diamorefloreriadeluxe.com\/index.php\/wp-json\/wp\/v2\/product_cat?post=3000"},{"taxonomy":"product_tag","embeddable":true,"href":"https:\/\/diamorefloreriadeluxe.com\/index.php\/wp-json\/wp\/v2\/product_tag?post=3000"}],"curies":[{"name":"wp","href":"https:\/\/api.w.org\/{rel}","templated":true}]}}