{"id":3007,"date":"2026-04-28T02:01:51","date_gmt":"2026-04-28T07:01:51","guid":{"rendered":"https:\/\/diamorefloreriadeluxe.com\/index.php\/product\/duo-rosado-mama\/"},"modified":"2026-04-28T20:01:45","modified_gmt":"2026-04-29T01:01:45","slug":"duo-rosado-mama","status":"publish","type":"product","link":"https:\/\/diamorefloreriadeluxe.com\/index.php\/product\/duo-rosado-mama\/","title":{"rendered":"D\u00fao Rosado Mam\u00e1"},"content":{"rendered":"<p>El d\u00fao incluye 02 arreglos (01 canasta + 01 bouquet Diamore)<\/p>\n<p>El Bouquet incluye:<\/p>\n<p>\u2022 01 Globo Personalizado de acuerdo a tu ocasi\u00f3n especia!<\/p>\n<p>La frase la eliges t\u00fa<\/p>\n<p>\u2022Gladiolos Rosados &amp; Blancos<\/p>\n<p>\u2022Claveles Importados<\/p>\n<p>\u2022Dedicatoria<\/p>\n<p>\u2022Tarjeta personalizada + 02 aretes<\/p>\n<p>\u2022Bolsa reforzada Diamore<\/p>\n<p>+<\/p>\n<p>Incluye:<\/p>\n<p>\u2022 Canasta en color natural de 15 x 15 cm<\/p>\n<p>\u2022 Minirosas Rosadas, Claveles &amp; margaritas<\/p>\n<p>\u2022 Dedicatoria Personalizada + 02 aretes de perla Blanca<\/p>\n<p>\u2022 Bolsa reforzada Diamore<\/p>\n","protected":false},"excerpt":{"rendered":"<p>El d\u00fao incluye 02 arreglos (01 canasta + 01 bouquet Diamore) El Bouquet incluye: \u2022 01 Globo Personalizado de acuerdo a tu ocasi\u00f3n especia! La frase la eliges t\u00fa \u2022Gladiolos Rosados &amp; Blancos \u2022Claveles Importados \u2022Dedicatoria \u2022Tarjeta personalizada + 02 aretes \u2022Bolsa reforzada Diamore + Incluye: \u2022 Canasta en color natural de 15 x 15 &hellip;<\/p>\n<p class=\"read-more\"> <a class=\"\" href=\"https:\/\/diamorefloreriadeluxe.com\/index.php\/product\/duo-rosado-mama\/\"> <span class=\"screen-reader-text\">D\u00fao Rosado Mam\u00e1<\/span> Leer m\u00e1s &raquo;<\/a><\/p>\n","protected":false},"featured_media":3004,"comment_status":"open","ping_status":"closed","template":"","meta":{"_uag_custom_page_level_css":"","site-sidebar-layout":"default","site-content-layout":"default","ast-global-header-display":"","ast-main-header-display":"","ast-hfb-above-header-display":"","ast-hfb-below-header-display":"","ast-hfb-mobile-header-display":"","site-post-title":"","ast-breadcrumbs-content":"","ast-featured-img":"","footer-sml-layout":"","theme-transparent-header-meta":"","adv-header-id-meta":"","stick-header-meta":"","header-above-stick-meta":"","header-main-stick-meta":"","header-below-stick-meta":""},"product_brand":[],"product_cat":[51],"product_tag":[],"class_list":{"0":"post-3007","1":"product","2":"type-product","3":"status-publish","4":"has-post-thumbnail","6":"product_cat-coleccion-dia-de-la-madre","7":"desktop-align-left","8":"tablet-align-left","9":"mobile-align-left","11":"first","12":"instock","13":"sale","14":"shipping-taxable","15":"purchasable","16":"product-type-simple"},"uagb_featured_image_src":{"full":["https:\/\/diamorefloreriadeluxe.com\/wp-content\/uploads\/2026\/04\/img_0607-scaled.jpeg",1920,2560,false],"thumbnail":["https:\/\/diamorefloreriadeluxe.com\/wp-content\/uploads\/2026\/04\/img_0607-150x150.jpeg",150,150,true],"medium":["https:\/\/diamorefloreriadeluxe.com\/wp-content\/uploads\/2026\/04\/img_0607-225x300.jpeg",225,300,true],"medium_large":["https:\/\/diamorefloreriadeluxe.com\/wp-content\/uploads\/2026\/04\/img_0607-768x1024.jpeg",768,1024,true],"large":["https:\/\/diamorefloreriadeluxe.com\/wp-content\/uploads\/2026\/04\/img_0607-768x1024.jpeg",768,1024,true],"1536x1536":["https:\/\/diamorefloreriadeluxe.com\/wp-content\/uploads\/2026\/04\/img_0607-1152x1536.jpeg",1152,1536,true],"2048x2048":["https:\/\/diamorefloreriadeluxe.com\/wp-content\/uploads\/2026\/04\/img_0607-1536x2048.jpeg",1536,2048,true],"woocommerce_thumbnail":["https:\/\/diamorefloreriadeluxe.com\/wp-content\/uploads\/2026\/04\/img_0607-300x300.jpeg",300,300,true],"woocommerce_single":["https:\/\/diamorefloreriadeluxe.com\/wp-content\/uploads\/2026\/04\/img_0607-600x800.jpeg",600,800,true],"woocommerce_gallery_thumbnail":["https:\/\/diamorefloreriadeluxe.com\/wp-content\/uploads\/2026\/04\/img_0607-100x100.jpeg",100,100,true]},"uagb_author_info":{"display_name":"obed pineda","author_link":"https:\/\/diamorefloreriadeluxe.com\/index.php\/author\/"},"uagb_comment_info":0,"uagb_excerpt":"El d\u00fao incluye 02 arreglos (01 canasta + 01 bouquet Diamore) El Bouquet incluye: \u2022 01 Globo Personalizado de acuerdo a tu ocasi\u00f3n especia! La frase la eliges t\u00fa \u2022Gladiolos Rosados &amp; Blancos \u2022Claveles Importados \u2022Dedicatoria \u2022Tarjeta personalizada + 02 aretes \u2022Bolsa reforzada Diamore + Incluye: \u2022 Canasta en color natural de 15 x 15&hellip;","jetpack_sharing_enabled":true,"_links":{"self":[{"href":"https:\/\/diamorefloreriadeluxe.com\/index.php\/wp-json\/wp\/v2\/product\/3007","targetHints":{"allow":["GET"]}}],"collection":[{"href":"https:\/\/diamorefloreriadeluxe.com\/index.php\/wp-json\/wp\/v2\/product"}],"about":[{"href":"https:\/\/diamorefloreriadeluxe.com\/index.php\/wp-json\/wp\/v2\/types\/product"}],"replies":[{"embeddable":true,"href":"https:\/\/diamorefloreriadeluxe.com\/index.php\/wp-json\/wp\/v2\/comments?post=3007"}],"wp:featuredmedia":[{"embeddable":true,"href":"https:\/\/diamorefloreriadeluxe.com\/index.php\/wp-json\/wp\/v2\/media\/3004"}],"wp:attachment":[{"href":"https:\/\/diamorefloreriadeluxe.com\/index.php\/wp-json\/wp\/v2\/media?parent=3007"}],"wp:term":[{"taxonomy":"product_brand","embeddable":true,"href":"https:\/\/diamorefloreriadeluxe.com\/index.php\/wp-json\/wp\/v2\/product_brand?post=3007"},{"taxonomy":"product_cat","embeddable":true,"href":"https:\/\/diamorefloreriadeluxe.com\/index.php\/wp-json\/wp\/v2\/product_cat?post=3007"},{"taxonomy":"product_tag","embeddable":true,"href":"https:\/\/diamorefloreriadeluxe.com\/index.php\/wp-json\/wp\/v2\/product_tag?post=3007"}],"curies":[{"name":"wp","href":"https:\/\/api.w.org\/{rel}","templated":true}]}}