{"id":3069,"date":"2026-05-04T22:16:53","date_gmt":"2026-05-05T03:16:53","guid":{"rendered":"https:\/\/diamorefloreriadeluxe.com\/index.php\/product\/trio-tulipan-mama\/"},"modified":"2026-05-10T01:39:48","modified_gmt":"2026-05-10T06:39:48","slug":"trio-tulipan-mama","status":"publish","type":"product","link":"https:\/\/diamorefloreriadeluxe.com\/index.php\/product\/trio-tulipan-mama\/","title":{"rendered":"Tr\u00edo tulip\u00e1n Mam\u00e1"},"content":{"rendered":"<p>Incluye:<\/p>\n<p>\u2022 Ramito de 03 tulipanes, MiniRosas Rosadas, Claveles importados, Gladiolos rosados &amp; Pompones Blancos<\/p>\n<p>\u2022 Dedicatoria Personalizada + Collar de acero con una perla blanca<\/p>\n<p>\u2022 Dedicatoria<\/p>\n<p>\u2022 Bolsa reforzada Diamore<\/p>\n","protected":false},"excerpt":{"rendered":"<p>Incluye: \u2022 Ramito de 03 tulipanes, MiniRosas Rosadas, Claveles importados, Gladiolos rosados &amp; Pompones Blancos \u2022 Dedicatoria Personalizada + Collar de acero con una perla blanca \u2022 Dedicatoria \u2022 Bolsa reforzada Diamore<\/p>\n","protected":false},"featured_media":3067,"comment_status":"open","ping_status":"closed","template":"","meta":{"_uag_custom_page_level_css":"","site-sidebar-layout":"default","site-content-layout":"default","ast-global-header-display":"","ast-main-header-display":"","ast-hfb-above-header-display":"","ast-hfb-below-header-display":"","ast-hfb-mobile-header-display":"","site-post-title":"","ast-breadcrumbs-content":"","ast-featured-img":"","footer-sml-layout":"","theme-transparent-header-meta":"","adv-header-id-meta":"","stick-header-meta":"","header-above-stick-meta":"","header-main-stick-meta":"","header-below-stick-meta":""},"product_brand":[],"product_cat":[51,15],"product_tag":[],"class_list":{"0":"post-3069","1":"product","2":"type-product","3":"status-publish","4":"has-post-thumbnail","6":"product_cat-coleccion-dia-de-la-madre","7":"product_cat-uncategorized","8":"desktop-align-left","9":"tablet-align-left","10":"mobile-align-left","12":"first","13":"outofstock","14":"shipping-taxable","15":"purchasable","16":"product-type-simple"},"uagb_featured_image_src":{"full":["https:\/\/diamorefloreriadeluxe.com\/wp-content\/uploads\/2026\/05\/img_3131-scaled.jpeg",1920,2560,false],"thumbnail":["https:\/\/diamorefloreriadeluxe.com\/wp-content\/uploads\/2026\/05\/img_3131-150x150.jpeg",150,150,true],"medium":["https:\/\/diamorefloreriadeluxe.com\/wp-content\/uploads\/2026\/05\/img_3131-225x300.jpeg",225,300,true],"medium_large":["https:\/\/diamorefloreriadeluxe.com\/wp-content\/uploads\/2026\/05\/img_3131-768x1024.jpeg",768,1024,true],"large":["https:\/\/diamorefloreriadeluxe.com\/wp-content\/uploads\/2026\/05\/img_3131-768x1024.jpeg",768,1024,true],"1536x1536":["https:\/\/diamorefloreriadeluxe.com\/wp-content\/uploads\/2026\/05\/img_3131-1152x1536.jpeg",1152,1536,true],"2048x2048":["https:\/\/diamorefloreriadeluxe.com\/wp-content\/uploads\/2026\/05\/img_3131-1536x2048.jpeg",1536,2048,true],"woocommerce_thumbnail":["https:\/\/diamorefloreriadeluxe.com\/wp-content\/uploads\/2026\/05\/img_3131-300x300.jpeg",300,300,true],"woocommerce_single":["https:\/\/diamorefloreriadeluxe.com\/wp-content\/uploads\/2026\/05\/img_3131-600x800.jpeg",600,800,true],"woocommerce_gallery_thumbnail":["https:\/\/diamorefloreriadeluxe.com\/wp-content\/uploads\/2026\/05\/img_3131-100x100.jpeg",100,100,true]},"uagb_author_info":{"display_name":"obed pineda","author_link":"https:\/\/diamorefloreriadeluxe.com\/index.php\/author\/"},"uagb_comment_info":0,"uagb_excerpt":"Incluye: \u2022 Ramito de 03 tulipanes, MiniRosas Rosadas, Claveles importados, Gladiolos rosados &amp; Pompones Blancos \u2022 Dedicatoria Personalizada + Collar de acero con una perla blanca \u2022 Dedicatoria \u2022 Bolsa reforzada Diamore","jetpack_sharing_enabled":true,"_links":{"self":[{"href":"https:\/\/diamorefloreriadeluxe.com\/index.php\/wp-json\/wp\/v2\/product\/3069","targetHints":{"allow":["GET"]}}],"collection":[{"href":"https:\/\/diamorefloreriadeluxe.com\/index.php\/wp-json\/wp\/v2\/product"}],"about":[{"href":"https:\/\/diamorefloreriadeluxe.com\/index.php\/wp-json\/wp\/v2\/types\/product"}],"replies":[{"embeddable":true,"href":"https:\/\/diamorefloreriadeluxe.com\/index.php\/wp-json\/wp\/v2\/comments?post=3069"}],"wp:featuredmedia":[{"embeddable":true,"href":"https:\/\/diamorefloreriadeluxe.com\/index.php\/wp-json\/wp\/v2\/media\/3067"}],"wp:attachment":[{"href":"https:\/\/diamorefloreriadeluxe.com\/index.php\/wp-json\/wp\/v2\/media?parent=3069"}],"wp:term":[{"taxonomy":"product_brand","embeddable":true,"href":"https:\/\/diamorefloreriadeluxe.com\/index.php\/wp-json\/wp\/v2\/product_brand?post=3069"},{"taxonomy":"product_cat","embeddable":true,"href":"https:\/\/diamorefloreriadeluxe.com\/index.php\/wp-json\/wp\/v2\/product_cat?post=3069"},{"taxonomy":"product_tag","embeddable":true,"href":"https:\/\/diamorefloreriadeluxe.com\/index.php\/wp-json\/wp\/v2\/product_tag?post=3069"}],"curies":[{"name":"wp","href":"https:\/\/api.w.org\/{rel}","templated":true}]}}