{"id":686,"date":"2023-05-04T08:18:30","date_gmt":"2023-05-04T13:18:30","guid":{"rendered":"https:\/\/diamorefloreriadeluxe.com\/?post_type=product&#038;p=686"},"modified":"2025-02-12T12:09:14","modified_gmt":"2025-02-12T17:09:14","slug":"box-mama-peluche","status":"publish","type":"product","link":"https:\/\/diamorefloreriadeluxe.com\/index.php\/product\/box-mama-peluche\/","title":{"rendered":"Box Woman Peluche"},"content":{"rendered":"<p>Incluye:<br \/>\n\u202205 Rosas Rosadas &amp; lilas<br \/>\n\u202201 Peluche de 15cm (color blanco o Beige)<br \/>\n\u2022Follaje<br \/>\n\u2022Globo Personalizado con tu Frase Favorita<br \/>\n\u2022Box con Nombre.<br \/>\n\u2022Dedicatoria (06 x 07cm) M\u00e1ximo 5 p\u00e1rrafos por dedicatoria.<br \/>\n\u2022Bolsa con asa Diamore &amp; Alimento para flores.<\/p>\n","protected":false},"excerpt":{"rendered":"<p>Incluye:<br \/>\n\u202205 Rosas Rosadas &amp; lilas<br \/>\n\u202201 Peluche de 15cm (color blanco o Beige)<br \/>\n\u2022Follaje<br \/>\n\u2022Globo aerost\u00e1tico Personalizado con tu Frase Favorita \ud83c\udf38<br \/>\n\u2022Box con Nombre.<br \/>\n\u2022Dedicatoria (06 x 07cm) M\u00e1ximo 5 p\u00e1rrafos por dedicatoria.<br \/>\n\u2022Bolsa con asa Diamore &amp; Alimento para flores.<\/p>\n<p>\u2022Promoci\u00f3n v\u00e1lida para reservar hasta el d\u00eda 10 de mayo<\/p>\n","protected":false},"featured_media":690,"comment_status":"open","ping_status":"closed","template":"","meta":{"_uag_custom_page_level_css":"","site-sidebar-layout":"default","site-content-layout":"default","ast-global-header-display":"","ast-main-header-display":"","ast-hfb-above-header-display":"","ast-hfb-below-header-display":"","ast-hfb-mobile-header-display":"","site-post-title":"","ast-breadcrumbs-content":"","ast-featured-img":"","footer-sml-layout":"","theme-transparent-header-meta":"default","adv-header-id-meta":"","stick-header-meta":"","header-above-stick-meta":"","header-main-stick-meta":"","header-below-stick-meta":""},"product_brand":[],"product_cat":[20],"product_tag":[],"class_list":{"0":"post-686","1":"product","2":"type-product","3":"status-publish","4":"has-post-thumbnail","6":"product_cat-arreglo-personalizado","7":"desktop-align-left","8":"tablet-align-left","9":"mobile-align-left","11":"first","12":"outofstock","13":"shipping-taxable","14":"purchasable","15":"product-type-simple"},"uagb_featured_image_src":{"full":["https:\/\/diamorefloreriadeluxe.com\/wp-content\/uploads\/2023\/05\/Box-Mama-Peluche1-scaled.jpg",1920,2560,false],"thumbnail":["https:\/\/diamorefloreriadeluxe.com\/wp-content\/uploads\/2023\/05\/Box-Mama-Peluche1-150x150.jpg",150,150,true],"medium":["https:\/\/diamorefloreriadeluxe.com\/wp-content\/uploads\/2023\/05\/Box-Mama-Peluche1-225x300.jpg",225,300,true],"medium_large":["https:\/\/diamorefloreriadeluxe.com\/wp-content\/uploads\/2023\/05\/Box-Mama-Peluche1-768x1024.jpg",768,1024,true],"large":["https:\/\/diamorefloreriadeluxe.com\/wp-content\/uploads\/2023\/05\/Box-Mama-Peluche1-768x1024.jpg",768,1024,true],"1536x1536":["https:\/\/diamorefloreriadeluxe.com\/wp-content\/uploads\/2023\/05\/Box-Mama-Peluche1-1152x1536.jpg",1152,1536,true],"2048x2048":["https:\/\/diamorefloreriadeluxe.com\/wp-content\/uploads\/2023\/05\/Box-Mama-Peluche1-1536x2048.jpg",1536,2048,true],"woocommerce_thumbnail":["https:\/\/diamorefloreriadeluxe.com\/wp-content\/uploads\/2023\/05\/Box-Mama-Peluche1-300x300.jpg",300,300,true],"woocommerce_single":["https:\/\/diamorefloreriadeluxe.com\/wp-content\/uploads\/2023\/05\/Box-Mama-Peluche1-600x800.jpg",600,800,true],"woocommerce_gallery_thumbnail":["https:\/\/diamorefloreriadeluxe.com\/wp-content\/uploads\/2023\/05\/Box-Mama-Peluche1-100x100.jpg",100,100,true]},"uagb_author_info":{"display_name":"obed pineda","author_link":"https:\/\/diamorefloreriadeluxe.com\/index.php\/author\/"},"uagb_comment_info":0,"uagb_excerpt":"Incluye: \u202205 Rosas Rosadas &amp; lilas \u202201 Peluche de 15cm (color blanco o Beige) \u2022Follaje \u2022Globo aerost\u00e1tico Personalizado con tu Frase Favorita \ud83c\udf38 \u2022Box con Nombre. \u2022Dedicatoria (06 x 07cm) M\u00e1ximo 5 p\u00e1rrafos por dedicatoria. \u2022Bolsa con asa Diamore &amp; Alimento para flores. \u2022Promoci\u00f3n v\u00e1lida para reservar hasta el d\u00eda 10 de mayo","jetpack_sharing_enabled":true,"_links":{"self":[{"href":"https:\/\/diamorefloreriadeluxe.com\/index.php\/wp-json\/wp\/v2\/product\/686","targetHints":{"allow":["GET"]}}],"collection":[{"href":"https:\/\/diamorefloreriadeluxe.com\/index.php\/wp-json\/wp\/v2\/product"}],"about":[{"href":"https:\/\/diamorefloreriadeluxe.com\/index.php\/wp-json\/wp\/v2\/types\/product"}],"replies":[{"embeddable":true,"href":"https:\/\/diamorefloreriadeluxe.com\/index.php\/wp-json\/wp\/v2\/comments?post=686"}],"wp:featuredmedia":[{"embeddable":true,"href":"https:\/\/diamorefloreriadeluxe.com\/index.php\/wp-json\/wp\/v2\/media\/690"}],"wp:attachment":[{"href":"https:\/\/diamorefloreriadeluxe.com\/index.php\/wp-json\/wp\/v2\/media?parent=686"}],"wp:term":[{"taxonomy":"product_brand","embeddable":true,"href":"https:\/\/diamorefloreriadeluxe.com\/index.php\/wp-json\/wp\/v2\/product_brand?post=686"},{"taxonomy":"product_cat","embeddable":true,"href":"https:\/\/diamorefloreriadeluxe.com\/index.php\/wp-json\/wp\/v2\/product_cat?post=686"},{"taxonomy":"product_tag","embeddable":true,"href":"https:\/\/diamorefloreriadeluxe.com\/index.php\/wp-json\/wp\/v2\/product_tag?post=686"}],"curies":[{"name":"wp","href":"https:\/\/api.w.org\/{rel}","templated":true}]}}